{"id":17,"date":"2024-02-27T23:20:03","date_gmt":"2024-02-27T23:20:03","guid":{"rendered":"https:\/\/mytarjeta.com.mx\/hamilton\/?page_id=17"},"modified":"2024-05-17T20:22:29","modified_gmt":"2024-05-17T20:22:29","slug":"niveles","status":"publish","type":"page","link":"https:\/\/mytarjeta.com.mx\/hamilton\/niveles\/","title":{"rendered":"NIVELES"},"content":{"rendered":"<div class=\"titulo-underline\">\n<h2><span class=\"animation-underline-yellow\">ESCOLARES<\/span><\/h2>\n<\/div>\n<div class=\"parrafo\">\n<div class=\"imagen\"><img loading=\"lazy\" decoding=\"async\" class=\"alignnone size-full wp-image-798\" src=\"https:\/\/mytarjeta.com.mx\/hamilton\/wp-content\/uploads\/2024\/04\/comillas-azules.png\" alt=\"\" width=\"37\" height=\"32\" \/><\/div>\n<div class=\"cont-frase\">\n<p class=\"frase\">El instituto Hamilton es la mejor opci\u00f3n educativa adem\u00e1s del excelente nivel acad\u00e9mico y de ingl\u00e9s, los ni\u00f1os desarollan aptitudes musicales y art\u00edsticas, se vuelven conscientes del cuidado del medio ambiente, <span class=\"color-amarillo\">mis hijas son y han sido felices en el Hamilton,<\/span> nada m\u00e1s que mi agradecimiento a las directoras y a todas y cada una de las maestras.<\/p>\n<p class=\"cita\">-Cecilia Ortega, madre de familia<\/p>\n<\/div>\n<\/div>\n","protected":false},"excerpt":{"rendered":"<p>ESCOLARES El instituto Hamilton es la mejor opci\u00f3n educativa adem\u00e1s del excelente nivel acad\u00e9mico y de ingl\u00e9s, los ni\u00f1os desarollan aptitudes musicales y art\u00edsticas, se vuelven conscientes del cuidado del medio ambiente, mis hijas son y han sido felices en el Hamilton, nada m\u00e1s que mi agradecimiento a las directoras y a todas y cada [&hellip;]<\/p>\n","protected":false},"author":1,"featured_media":348,"parent":0,"menu_order":0,"comment_status":"closed","ping_status":"closed","template":"page-niveles.php","meta":{"_acf_changed":false,"footnotes":""},"class_list":["post-17","page","type-page","status-publish","has-post-thumbnail","hentry"],"acf":[],"_links":{"self":[{"href":"https:\/\/mytarjeta.com.mx\/hamilton\/wp-json\/wp\/v2\/pages\/17","targetHints":{"allow":["GET"]}}],"collection":[{"href":"https:\/\/mytarjeta.com.mx\/hamilton\/wp-json\/wp\/v2\/pages"}],"about":[{"href":"https:\/\/mytarjeta.com.mx\/hamilton\/wp-json\/wp\/v2\/types\/page"}],"author":[{"embeddable":true,"href":"https:\/\/mytarjeta.com.mx\/hamilton\/wp-json\/wp\/v2\/users\/1"}],"replies":[{"embeddable":true,"href":"https:\/\/mytarjeta.com.mx\/hamilton\/wp-json\/wp\/v2\/comments?post=17"}],"version-history":[{"count":57,"href":"https:\/\/mytarjeta.com.mx\/hamilton\/wp-json\/wp\/v2\/pages\/17\/revisions"}],"predecessor-version":[{"id":919,"href":"https:\/\/mytarjeta.com.mx\/hamilton\/wp-json\/wp\/v2\/pages\/17\/revisions\/919"}],"wp:featuredmedia":[{"embeddable":true,"href":"https:\/\/mytarjeta.com.mx\/hamilton\/wp-json\/wp\/v2\/media\/348"}],"wp:attachment":[{"href":"https:\/\/mytarjeta.com.mx\/hamilton\/wp-json\/wp\/v2\/media?parent=17"}],"curies":[{"name":"wp","href":"https:\/\/api.w.org\/{rel}","templated":true}]}}