{"id":7,"date":"2024-02-27T23:15:23","date_gmt":"2024-02-27T23:15:23","guid":{"rendered":"https:\/\/mytarjeta.com.mx\/hamilton\/?page_id=7"},"modified":"2024-05-17T23:46:04","modified_gmt":"2024-05-17T23:46:04","slug":"nosotros","status":"publish","type":"page","link":"https:\/\/mytarjeta.com.mx\/hamilton\/nosotros\/","title":{"rendered":"NOSOTROS"},"content":{"rendered":"<div class=\"titulo-underline\">\n<h2>TUS ALIADOS EN SU <span class=\"animation-underline-yellow\">FORMACI\u00d3N<\/span><\/h2>\n<\/div>\n<div class=\"parrafo\">\n<p>Reinventando la manera en que se educa a los ni\u00f1os y j\u00f3venes buscando darles las bases y las herramientas necesarias para prepararlos para una realidad mucho m\u00e1s retadora y diferente a la que conocemos el d\u00eda de hoy.<\/p>\n<\/div>\n","protected":false},"excerpt":{"rendered":"<p>TUS ALIADOS EN SU FORMACI\u00d3N Reinventando la manera en que se educa a los ni\u00f1os y j\u00f3venes buscando darles las bases y las herramientas necesarias para prepararlos para una realidad mucho m\u00e1s retadora y diferente a la que conocemos el d\u00eda de hoy.<\/p>\n","protected":false},"author":1,"featured_media":185,"parent":0,"menu_order":0,"comment_status":"closed","ping_status":"closed","template":"page-nosotros.php","meta":{"_acf_changed":false,"footnotes":""},"class_list":["post-7","page","type-page","status-publish","has-post-thumbnail","hentry"],"acf":[],"_links":{"self":[{"href":"https:\/\/mytarjeta.com.mx\/hamilton\/wp-json\/wp\/v2\/pages\/7","targetHints":{"allow":["GET"]}}],"collection":[{"href":"https:\/\/mytarjeta.com.mx\/hamilton\/wp-json\/wp\/v2\/pages"}],"about":[{"href":"https:\/\/mytarjeta.com.mx\/hamilton\/wp-json\/wp\/v2\/types\/page"}],"author":[{"embeddable":true,"href":"https:\/\/mytarjeta.com.mx\/hamilton\/wp-json\/wp\/v2\/users\/1"}],"replies":[{"embeddable":true,"href":"https:\/\/mytarjeta.com.mx\/hamilton\/wp-json\/wp\/v2\/comments?post=7"}],"version-history":[{"count":44,"href":"https:\/\/mytarjeta.com.mx\/hamilton\/wp-json\/wp\/v2\/pages\/7\/revisions"}],"predecessor-version":[{"id":933,"href":"https:\/\/mytarjeta.com.mx\/hamilton\/wp-json\/wp\/v2\/pages\/7\/revisions\/933"}],"wp:featuredmedia":[{"embeddable":true,"href":"https:\/\/mytarjeta.com.mx\/hamilton\/wp-json\/wp\/v2\/media\/185"}],"wp:attachment":[{"href":"https:\/\/mytarjeta.com.mx\/hamilton\/wp-json\/wp\/v2\/media?parent=7"}],"curies":[{"name":"wp","href":"https:\/\/api.w.org\/{rel}","templated":true}]}}